{"id":2528,"date":"2025-11-13T02:34:39","date_gmt":"2025-11-13T02:34:39","guid":{"rendered":"https:\/\/entornoalamadera.cl\/?page_id=2528"},"modified":"2025-11-13T02:58:47","modified_gmt":"2025-11-13T02:58:47","slug":"trayectoria","status":"publish","type":"page","link":"https:\/\/entornoalamadera.cl\/index.php\/trayectoria\/","title":{"rendered":"Trayectoria"},"content":{"rendered":"<div class=\"wpb-content-wrapper\"><p>[vc_row][vc_column][vc_column_text css=\u00bb\u00bb]<\/p>\n<h2 style=\"text-align: center;\">MAS DE 50 A\u00d1OS DE TRAYECTORIA<\/h2>\n<p>[\/vc_column_text][\/vc_column][\/vc_row][vc_row][vc_column]<div class=\"standard-arrow list-divider bullet-top\"><ul>\n<li><strong>1973<\/strong>: Participaci\u00f3n de la IV Feria Internacional de Valdivia<\/li>\n<li><strong>2002<\/strong>: Participaci\u00f3n en la muestra artesanal del 19 Festival de la Leche<\/li>\n<li><strong>2004<\/strong> Participaci\u00f3n en la II Feria Internacional de Artesan\u00eda Valdivia<\/li>\n<li><strong>2004<\/strong> Participaci\u00f3n en la 31 muestra Internacion de Artesan\u00eda, 19 tradicional Pontificie Universidad Cat\u00f3lica de Chile<\/li>\n<li><strong>2005<\/strong> Participaci\u00f3n en la 32 muestra Internacion de Artesan\u00eda, 19 tradicional Pontificie Universidad Cat\u00f3lica de Chile<\/li>\n<li><strong>2009<\/strong>: Participaci\u00f3n en la 36 muestra Internacion de Artesan\u00eda, 19 tradicional Pontificie Universidad Cat\u00f3lica de Chile<\/li>\n<li><strong>2009<\/strong>: Participaci\u00f3n en Concurso Nacional de Artesan\u00eda y Dise\u00f1o CREA<\/li>\n<li><strong>2010<\/strong>: Participaci\u00f3n en Concurso Nacional de Artesan\u00eda y Dise\u00f1o CREA<\/li>\n<li><strong>2010<\/strong>: Participaci\u00f3n en la 36 muestra Internacion de Artesan\u00eda, 19 tradicional Pontificie Universidad Cat\u00f3lica de Chile<\/li>\n<li><strong>2012<\/strong>: Certificado de renoconocimiento CNCA &#8211; Regi\u00f3n de Los R\u00edos al Sello de Excelencia en Artesan\u00eda Chile 2012<\/li>\n<li><strong>2012<\/strong>: Medalla Reconocimiento a su Aporte Cultural Regi\u00f3n de Los R\u00edos &#8211; Comisi\u00f3n de Cultura C\u00e1mara de Diputados A\u00f1o 2012<\/li>\n<li><strong>2013<\/strong> Participaci\u00f3n en la 40\u00b0 Muestra Internacional de Artesan\u00eda Tradicional &#8211; Pontificia Universidad Cat\u00f3lica de Chile<\/li>\n<li><strong>2015<\/strong>: Participaci\u00f3n en REVELATIONS 2015, en el Grand Palais de Par\u00eds, exposici\u00f3n organizada por Atellers d&#8217;art de France con la pieza \u00abFuente de Nido\u00bb, ganadora Sello de Excelencia 2012.<\/li>\n<li><strong>2016<\/strong>: Proyecto adjudicado FONDART Regional, Proyecto Artesan\u00eda Contempor\u00e1nea<\/li>\n<li><strong>2017<\/strong>: Participaci\u00f3n en REVELATIONS 2017, en el Grand Palais de Par\u00eds, exposici\u00f3n organizada por Ateliers d&#8217;art de France con 4 piezas del FONDART<\/li>\n<li><strong>2017<\/strong>: Participaci\u00f3n en muestra de Artesan\u00eda de Excelencia Guardianes de Oficio<\/li>\n<li><strong>2017<\/strong>: Participaci\u00f3n segunda versi\u00f3n de la \u00abFeria con Sentido\u00bb en Linqu\u00e9n &#8211; Centro Cultural Villarricax<\/li>\n<\/ul>\n<\/div>[\/vc_column][\/vc_row]<\/p>\n<\/div>","protected":false},"excerpt":{"rendered":"<p>[vc_row][vc_column][vc_column_text css=\u00bb\u00bb] MAS DE 50 A\u00d1OS DE TRAYECTORIA [\/vc_column_text][\/vc_column][\/vc_row][vc_row][vc_column][\/vc_column][\/vc_row]<\/p>\n","protected":false},"author":1,"featured_media":0,"parent":0,"menu_order":0,"comment_status":"closed","ping_status":"closed","template":"","meta":{"footnotes":""},"class_list":["post-2528","page","type-page","status-publish","hentry","description-off"],"_links":{"self":[{"href":"https:\/\/entornoalamadera.cl\/index.php\/wp-json\/wp\/v2\/pages\/2528","targetHints":{"allow":["GET"]}}],"collection":[{"href":"https:\/\/entornoalamadera.cl\/index.php\/wp-json\/wp\/v2\/pages"}],"about":[{"href":"https:\/\/entornoalamadera.cl\/index.php\/wp-json\/wp\/v2\/types\/page"}],"author":[{"embeddable":true,"href":"https:\/\/entornoalamadera.cl\/index.php\/wp-json\/wp\/v2\/users\/1"}],"replies":[{"embeddable":true,"href":"https:\/\/entornoalamadera.cl\/index.php\/wp-json\/wp\/v2\/comments?post=2528"}],"version-history":[{"count":2,"href":"https:\/\/entornoalamadera.cl\/index.php\/wp-json\/wp\/v2\/pages\/2528\/revisions"}],"predecessor-version":[{"id":2531,"href":"https:\/\/entornoalamadera.cl\/index.php\/wp-json\/wp\/v2\/pages\/2528\/revisions\/2531"}],"wp:attachment":[{"href":"https:\/\/entornoalamadera.cl\/index.php\/wp-json\/wp\/v2\/media?parent=2528"}],"curies":[{"name":"wp","href":"https:\/\/api.w.org\/{rel}","templated":true}]}}