{"id":889,"date":"2019-08-30T12:02:43","date_gmt":"2019-08-30T12:02:43","guid":{"rendered":"https:\/\/entornoalamadera.cl\/index.php\/about\/"},"modified":"2025-11-13T03:00:38","modified_gmt":"2025-11-13T03:00:38","slug":"about","status":"publish","type":"page","link":"https:\/\/entornoalamadera.cl\/index.php\/about\/","title":{"rendered":"Acerca de mi"},"content":{"rendered":"<div class=\"wpb-content-wrapper\"><p>[vc_row content_placement=\u00bbmiddle\u00bb css=\u00bb.vc_custom_1568896184714{margin-right: 0px !important;margin-left: 0px !important;padding-bottom: 80px !important;}\u00bb][vc_column parallax=\u00bbcontent-moving\u00bb width=\u00bb1\/2&#8243; css=\u00bb.vc_custom_1762822168402{margin-top: -60px !important;margin-right: 0px !important;padding-top: 200px !important;padding-right: 0px !important;padding-bottom: 200px !important;}\u00bb][vc_single_image image=\u00bb2411&#8243; img_size=\u00bbfull\u00bb css=\u00bb\u00bb][vc_single_image image=\u00bb2413&#8243; img_size=\u00bbfull\u00bb css=\u00bb\u00bb][vc_single_image image=\u00bb2390&#8243; img_size=\u00bbfull\u00bb css=\u00bb\u00bb][\/vc_column][vc_column width=\u00bb1\/2&#8243; css=\u00bb.vc_custom_1565094314911{padding-top: 140px !important;padding-right: 80px !important;padding-bottom: 130px !important;padding-left: 80px !important;background-color: #ffffff !important;}\u00bb]<div id=\"ultimate-heading-316269e108a95484f\" class=\"uvc-heading ult-adjust-bottom-margin ultimate-heading-316269e108a95484f uvc-9266  uvc-heading-default-font-sizes\" data-hspacer=\"no_spacer\"  data-halign=\"left\" style=\"text-align:left\"><div class=\"uvc-heading-spacer no_spacer\" style=\"top\"><\/div><div class=\"uvc-main-heading ult-responsive\"  data-ultimate-target='.uvc-heading.ultimate-heading-316269e108a95484f h2'  data-responsive-json-new='{\"font-size\":\"\",\"line-height\":\"\"}' ><h2 style=\"--font-weight:theme;margin-bottom:35px;\">Carlos Reyes Silva<\/h2><\/div><div class=\"uvc-sub-heading ult-responsive\"  data-ultimate-target='.uvc-heading.ultimate-heading-316269e108a95484f .uvc-sub-heading '  data-responsive-json-new='{\"font-size\":\"\",\"line-height\":\"\"}'  style=\"font-weight:normal;\">Nacido en la ciudad de la Union.<\/p>\n<p>Se relacion\u00f3 tempranamente con las maderas como vecino de un taller de muebleria al que visitaba continuamente, ello sumado a la inquietud y sensibilidad propia de un ni\u00f1o incorpor\u00f3 para siempre en su memoria los olores, colores y texturas de las masderas nativas en el sur de Chile.<\/p>\n<p>Su labor siempre en el campo de la cultura, lo llev\u00f3 con el tiempo a retomar el car\u00f1o por las maderas y decidi\u00f3 abordar la artesan\u00eda fina como parte de su vida.<\/p>\n<p>Durane mas de 30 a\u00f1os de trabajo, ha aboradado materias donde destacan las ra\u00edces de lingue, casta\u00f1o y laurel, con las cuales realiz\u00f3 un proyecto asupicidado por Sercotec llamado \u00absubterra\u00bb. Trabaja tambien maderas reutilizadas como cipr\u00e9s y alerce, dadno nacimiento a piezas utilitarias como l\u00e1mparas. platos, cuencos, entre otros y piezas decorativas, abordando variados estilos, derivando en su etapa m\u00e1s actual al minimalismo.<\/p>\n<p>El a\u00f1o 2012 obtiene el Sello de Excelencia en Artesan\u00eda, galard\u00f3n que entrega el consejo Nacional de la Cultura y las Artes, con el patrocinio del Consejo Mundial de Artesan\u00eda y la oficina UNESCO Santiago-Chile<\/p>\n<p>El desarrollo t\u00e9cnico dado por la experiencia de los a\u00f1ois de dedicaci\u00f3n a tan noble oficio, permite que su obra participe de variadas exposiciones indivisuales y colectivas en el pa\u00eds y ademas participa en la Bienal de Artesan\u00eda Contemporanea \u00abREVELATION\u00bb el a\u00f1o 2015 en Par\u00eds, Francia.<\/p>\n<p>Luego, durante el a\u00f1o 2016 realiza el protecto \u00abArtesania Contemporanea I\u00bb obra elaborada con tercinado marino, proyecto financiado por el Consejo Nacional de la Cultura y las Artes Regi\u00f3n de Los R\u00edos a traves del Fondart Regional, convocatoria 2016.<\/p>\n<p>En el transcurso del a\u00f1o 2017, y bajo curatoria de Nury Gonzalez, copn el apoyo del consejo Nacional de la Cultura y las Artes, fue seleccionado juntos a otros 27 creadores, para viajar a Par\u00eds con una selecci\u00f3n de nuevas piezas, exponiendo por segunda vez en la bienal \u00abREVELATION\u00bb en el Grand Palais de Par\u00eds.<\/p>\n<p>En el actual proyecto \u00abARTESANIA CONTEMPORANEA II\u00bb fiannciado por la SEREMI de las Culturas, la Artes y el patrimonio de la region de Los R\u00edos a traves de Fondart Regional, convocatoria 2018, y prescinciendo de maderas nativas, retoma el tercimado marino de 18mm y realiza bases de madera de l\u00e1mparas, usando los mismo pasos del proyecto anterior, dando continuidad a la creaci\u00f3n de una obra original e irrepetible con el uso del torno y el paso final de pulido mediante el lijado y varias capas de laca para proteger la madera y resaltar las vetas.<\/div><\/div>[\/vc_column][\/vc_row][vc_row][\/vc_row][vc_row][vc_column]<div id=\"ultimate-heading-900669e108a95488d\" class=\"uvc-heading ult-adjust-bottom-margin ultimate-heading-900669e108a95488d uvc-2528  uvc-heading-default-font-sizes\" data-hspacer=\"no_spacer\"  data-halign=\"center\" style=\"text-align:center\"><div class=\"uvc-heading-spacer no_spacer\" style=\"top\"><\/div><div class=\"uvc-main-heading ult-responsive\"  data-ultimate-target='.uvc-heading.ultimate-heading-900669e108a95488d h2'  data-responsive-json-new='{\"font-size\":\"\",\"line-height\":\"\"}' ><h2 style=\"--font-weight:theme;\">Guardianes del oficio<\/h2><\/div><div class=\"uvc-sub-heading ult-responsive\"  data-ultimate-target='.uvc-heading.ultimate-heading-900669e108a95488d .uvc-sub-heading '  data-responsive-json-new='{\"font-size\":\"\",\"line-height\":\"\"}'  style=\"font-weight:normal;\"><\/p>\n<div dir=\"auto\"><strong>Guardianes de Oficio<\/strong>\u00a0contar\u00e1 con destacados artesanos, entre ellos, CARLOS REYES, ARTESANO EN MADERA DE VALDIVIA. Alumno del artista, Guillermo Franco, y ganador de un Sello Excelencia (2012) con su obra Fuente Nido, presentamos al escultor, artesano e iluminador valdiviano, Carlos Reyes. Un hombre cuyas obras recorren el mundo.<\/div>\n<div dir=\"auto\">Carlos Reyes Silva (67), naci\u00f3 en la ciudad de La Uni\u00f3n y se vino a vivir a Valdivia cuando ten\u00eda ocho a\u00f1os. Desde peque\u00f1o tuvo la inclinaci\u00f3n de crear y encontr\u00f3 en la madera la herramienta para plasmar todas las ideas que ten\u00eda y despu\u00e9s utilizarla como su trabajo. Hoy, es considerado uno de los escultores m\u00e1s importantes de Chile, sus obras han recorrido el mundo y fabrica l\u00e1mparas y fuentes, que lo han llevado a destacarse entre sus pares.<\/div>\n<div dir=\"auto\">El 2012, Reyes obtuvo el denominado Sello de Excelencia en Artesan\u00eda con su obra \u201cFuente Nido\u201d, el premio que otorga el Consejo Nacional de la Cultura, le permiti\u00f3 difundir sus exclusivos trabajos torneados en maderas nativas, captar clientes para sus obras y ganarse un espacio entre los artistas nacionales.<\/div>\n<div dir=\"auto\">Alumno del afamado artista y escultor, Guillermo Franco, Carlos define su trabajo como minimalista y su proceso creativo parte con una idea, la recopilaci\u00f3n de madera, el secado que dura un a\u00f1o, un proceso creativo y la difusi\u00f3n de su obra mediante un blog<\/div>\n<p><\/div><\/div>[\/vc_column][\/vc_row]<\/p>\n<\/div>","protected":false},"excerpt":{"rendered":"<p>[vc_row content_placement=\u00bbmiddle\u00bb css=\u00bb.vc_custom_1568896184714{margin-right: 0px !important;margin-left: 0px !important;padding-bottom: 80px !important;}\u00bb][vc_column parallax=\u00bbcontent-moving\u00bb width=\u00bb1\/2&#8243; css=\u00bb.vc_custom_1762822168402{margin-top: -60px !important;margin-right: 0px !important;padding-top: 200px !important;padding-right: 0px !important;padding-bottom: 200px !important;}\u00bb][vc_single_image image=\u00bb2411&#8243; img_size=\u00bbfull\u00bb css=\u00bb\u00bb][vc_single_image image=\u00bb2413&#8243; img_size=\u00bbfull\u00bb css=\u00bb\u00bb][vc_single_image image=\u00bb2390&#8243; img_size=\u00bbfull\u00bb css=\u00bb\u00bb][\/vc_column][vc_column width=\u00bb1\/2&#8243; css=\u00bb.vc_custom_1565094314911{padding-top: 140px !important;padding-right: 80px !important;padding-bottom: 130px !important;padding-left: 80px !important;background-color: #ffffff !important;}\u00bb][\/vc_column][\/vc_row][vc_row][\/vc_row][vc_row][vc_column][\/vc_column][\/vc_row]<\/p>\n","protected":false},"author":1,"featured_media":0,"parent":0,"menu_order":0,"comment_status":"closed","ping_status":"closed","template":"","meta":{"footnotes":""},"class_list":["post-889","page","type-page","status-publish","hentry","description-off"],"_links":{"self":[{"href":"https:\/\/entornoalamadera.cl\/index.php\/wp-json\/wp\/v2\/pages\/889","targetHints":{"allow":["GET"]}}],"collection":[{"href":"https:\/\/entornoalamadera.cl\/index.php\/wp-json\/wp\/v2\/pages"}],"about":[{"href":"https:\/\/entornoalamadera.cl\/index.php\/wp-json\/wp\/v2\/types\/page"}],"author":[{"embeddable":true,"href":"https:\/\/entornoalamadera.cl\/index.php\/wp-json\/wp\/v2\/users\/1"}],"replies":[{"embeddable":true,"href":"https:\/\/entornoalamadera.cl\/index.php\/wp-json\/wp\/v2\/comments?post=889"}],"version-history":[{"count":18,"href":"https:\/\/entornoalamadera.cl\/index.php\/wp-json\/wp\/v2\/pages\/889\/revisions"}],"predecessor-version":[{"id":2534,"href":"https:\/\/entornoalamadera.cl\/index.php\/wp-json\/wp\/v2\/pages\/889\/revisions\/2534"}],"wp:attachment":[{"href":"https:\/\/entornoalamadera.cl\/index.php\/wp-json\/wp\/v2\/media?parent=889"}],"curies":[{"name":"wp","href":"https:\/\/api.w.org\/{rel}","templated":true}]}}